{"id":2015,"date":"2023-10-12T21:47:14","date_gmt":"2023-10-12T19:47:14","guid":{"rendered":"https:\/\/embangola.pl\/?page_id=2015"},"modified":"2026-02-26T10:23:35","modified_gmt":"2026-02-26T09:23:35","slug":"funcionarios-da-embaixada-2","status":"publish","type":"page","link":"https:\/\/embangola.pl\/?page_id=2015","title":{"rendered":"Funcion\u00e1rios da Embaixada"},"content":{"rendered":"\n<div class=\"wp-block-columns is-layout-flex wp-container-core-columns-is-layout-28f84493 wp-block-columns-is-layout-flex\">\n<div class=\"wp-block-column is-layout-flow wp-block-column-is-layout-flow\">\n<div class=\"wp-block-columns is-layout-flex wp-container-core-columns-is-layout-28f84493 wp-block-columns-is-layout-flex\">\n<div class=\"wp-block-column is-layout-flow wp-block-column-is-layout-flow\">\n<div class=\"wp-block-columns is-layout-flex wp-container-core-columns-is-layout-28f84493 wp-block-columns-is-layout-flex\">\n<div class=\"wp-block-column is-layout-flow wp-block-column-is-layout-flow\">\n<div class=\"wp-block-columns is-layout-flex wp-container-core-columns-is-layout-28f84493 wp-block-columns-is-layout-flex\">\n<div class=\"wp-block-column is-layout-flow wp-block-column-is-layout-flow\">\n<figure class=\"wp-block-image aligncenter size-full is-resized is-style-rounded\"><img loading=\"lazy\" decoding=\"async\" width=\"745\" height=\"1024\" src=\"https:\/\/embangola.pl\/wp-content\/uploads\/2023\/03\/WhatsApp-Image-2023-01-31-at-16.40.42-1.jpeg\" alt=\"\" class=\"wp-image-1006\" style=\"aspect-ratio:0.7262357414448669;width:338px;height:auto\" srcset=\"https:\/\/embangola.pl\/wp-content\/uploads\/2023\/03\/WhatsApp-Image-2023-01-31-at-16.40.42-1.jpeg 745w, https:\/\/embangola.pl\/wp-content\/uploads\/2023\/03\/WhatsApp-Image-2023-01-31-at-16.40.42-1-218x300.jpeg 218w, https:\/\/embangola.pl\/wp-content\/uploads\/2023\/03\/WhatsApp-Image-2023-01-31-at-16.40.42-1-600x825.jpeg 600w\" sizes=\"auto, (max-width: 745px) 100vw, 745px\" \/><figcaption class=\"wp-element-caption\"><strong>Manuel Pedro Chaves<\/strong><br>  Embaixador Extraordin\u00e1rio e Plenipotenci\u00e1rio<\/figcaption><\/figure>\n<\/div>\n<\/div>\n<\/div>\n<\/div>\n<\/div>\n<\/div>\n<\/div>\n<\/div>\n\n\n\n<div class=\"wp-block-group is-nowrap is-layout-flex wp-container-core-group-is-layout-6c531013 wp-block-group-is-layout-flex\">\n<p class=\"has-text-align-center has-medium-font-size\"><\/p>\n\n\n\n<div class=\"wp-block-columns are-vertically-aligned-center is-layout-flex wp-container-core-columns-is-layout-28f84493 wp-block-columns-is-layout-flex\">\n<div class=\"wp-block-column is-vertically-aligned-center is-layout-flow wp-block-column-is-layout-flow\">\n<div class=\"wp-block-columns is-layout-flex wp-container-core-columns-is-layout-28f84493 wp-block-columns-is-layout-flex\">\n<div class=\"wp-block-column is-vertically-aligned-stretch is-layout-flow wp-block-column-is-layout-flow\">\n<figure class=\"wp-block-image aligncenter size-full\"><img loading=\"lazy\" decoding=\"async\" width=\"519\" height=\"501\" src=\"https:\/\/embangola.pl\/wp-content\/uploads\/2023\/10\/Captura-de-ecra-2023-10-12-as-23.56.30.png\" alt=\"\" class=\"wp-image-2021\" style=\"aspect-ratio:1.035961574449504\" srcset=\"https:\/\/embangola.pl\/wp-content\/uploads\/2023\/10\/Captura-de-ecra-2023-10-12-as-23.56.30.png 519w, https:\/\/embangola.pl\/wp-content\/uploads\/2023\/10\/Captura-de-ecra-2023-10-12-as-23.56.30-300x290.png 300w\" sizes=\"auto, (max-width: 519px) 100vw, 519px\" \/><figcaption class=\"wp-element-caption\"><br><strong>K\u00e1tia Sardinha<\/strong><br><br><br><br>Conselheira<\/figcaption><\/figure>\n<\/div>\n\n\n\n<div class=\"wp-block-column is-vertically-aligned-stretch is-layout-flow wp-block-column-is-layout-flow\">\n<figure class=\"wp-block-image aligncenter size-full is-style-rounded\"><img loading=\"lazy\" decoding=\"async\" width=\"256\" height=\"331\" src=\"https:\/\/embangola.pl\/wp-content\/uploads\/2023\/03\/1-secretario.jpg\" alt=\"\" class=\"wp-image-1001\" style=\"aspect-ratio:0.7674418604651163;object-fit:cover\" srcset=\"https:\/\/embangola.pl\/wp-content\/uploads\/2023\/03\/1-secretario.jpg 256w, https:\/\/embangola.pl\/wp-content\/uploads\/2023\/03\/1-secretario-232x300.jpg 232w\" sizes=\"auto, (max-width: 256px) 100vw, 256px\" \/><figcaption class=\"wp-element-caption\"><strong>Ant\u00f3nio Claver Pitra  <\/strong><br><br>1\u00ba Secret\u00e1rio<\/figcaption><\/figure>\n<\/div>\n<\/div>\n<\/div>\n\n\n\n<div class=\"wp-block-column is-vertically-aligned-center is-layout-flow wp-block-column-is-layout-flow\">\n<div class=\"wp-block-columns is-layout-flex wp-container-core-columns-is-layout-28f84493 wp-block-columns-is-layout-flex\">\n<div class=\"wp-block-column is-vertically-aligned-stretch is-layout-flow wp-block-column-is-layout-flow\">\n<figure class=\"wp-block-image aligncenter size-full is-style-rounded\"><img loading=\"lazy\" decoding=\"async\" width=\"784\" height=\"1002\" src=\"https:\/\/embangola.pl\/wp-content\/uploads\/2024\/08\/Lino.jpeg\" alt=\"\" class=\"wp-image-3286\" style=\"aspect-ratio:0.7734375;object-fit:cover\" srcset=\"https:\/\/embangola.pl\/wp-content\/uploads\/2024\/08\/Lino.jpeg 784w, https:\/\/embangola.pl\/wp-content\/uploads\/2024\/08\/Lino-235x300.jpeg 235w, https:\/\/embangola.pl\/wp-content\/uploads\/2024\/08\/Lino-768x982.jpeg 768w, https:\/\/embangola.pl\/wp-content\/uploads\/2024\/08\/Lino-600x767.jpeg 600w\" sizes=\"auto, (max-width: 784px) 100vw, 784px\" \/><figcaption class=\"wp-element-caption\"><strong>Lino Munene<\/strong><br><br><br><br>1\u00ba Secret\u00e1rio<\/figcaption><\/figure>\n<\/div>\n\n\n\n<div class=\"wp-block-column is-vertically-aligned-stretch is-layout-flow wp-block-column-is-layout-flow\">\n<figure class=\"wp-block-image aligncenter size-full is-style-rounded\"><img loading=\"lazy\" decoding=\"async\" width=\"1221\" height=\"1600\" src=\"https:\/\/embangola.pl\/wp-content\/uploads\/2024\/08\/Celma-Soares.jpeg\" alt=\"\" class=\"wp-image-3214\" style=\"aspect-ratio:0.7674418604651163;object-fit:cover\" srcset=\"https:\/\/embangola.pl\/wp-content\/uploads\/2024\/08\/Celma-Soares.jpeg 1221w, https:\/\/embangola.pl\/wp-content\/uploads\/2024\/08\/Celma-Soares-229x300.jpeg 229w, https:\/\/embangola.pl\/wp-content\/uploads\/2024\/08\/Celma-Soares-781x1024.jpeg 781w, https:\/\/embangola.pl\/wp-content\/uploads\/2024\/08\/Celma-Soares-768x1006.jpeg 768w, https:\/\/embangola.pl\/wp-content\/uploads\/2024\/08\/Celma-Soares-1172x1536.jpeg 1172w, https:\/\/embangola.pl\/wp-content\/uploads\/2024\/08\/Celma-Soares-600x786.jpeg 600w, https:\/\/embangola.pl\/wp-content\/uploads\/2024\/08\/Celma-Soares-1200x1572.jpeg 1200w\" sizes=\"auto, (max-width: 1221px) 100vw, 1221px\" \/><figcaption class=\"wp-element-caption\"><strong>Celma  Silva <\/strong><br><br><br><br>2\u00ba Secret\u00e1ria<\/figcaption><\/figure>\n<\/div>\n<\/div>\n<\/div>\n\n\n\n<div class=\"wp-block-column is-vertically-aligned-center is-layout-flow wp-block-column-is-layout-flow\">\n<div class=\"wp-block-columns is-layout-flex wp-container-core-columns-is-layout-28f84493 wp-block-columns-is-layout-flex\">\n<div class=\"wp-block-column is-vertically-aligned-stretch is-layout-flow wp-block-column-is-layout-flow\">\n<figure class=\"wp-block-image aligncenter size-full is-style-rounded\"><img loading=\"lazy\" decoding=\"async\" width=\"1200\" height=\"1600\" src=\"https:\/\/embangola.pl\/wp-content\/uploads\/2025\/07\/filo.jpg\" alt=\"\" class=\"wp-image-4741\" srcset=\"https:\/\/embangola.pl\/wp-content\/uploads\/2025\/07\/filo.jpg 1200w, https:\/\/embangola.pl\/wp-content\/uploads\/2025\/07\/filo-225x300.jpg 225w, https:\/\/embangola.pl\/wp-content\/uploads\/2025\/07\/filo-768x1024.jpg 768w, https:\/\/embangola.pl\/wp-content\/uploads\/2025\/07\/filo-1152x1536.jpg 1152w, https:\/\/embangola.pl\/wp-content\/uploads\/2025\/07\/filo-600x800.jpg 600w\" sizes=\"auto, (max-width: 1200px) 100vw, 1200px\" \/><figcaption class=\"wp-element-caption\"><strong>Filomena Tchahua<\/strong> <br><br><br>3\u00ba Secret\u00e1ria<\/figcaption><\/figure>\n<\/div>\n\n\n\n<div class=\"wp-block-column is-vertically-aligned-stretch is-layout-flow wp-block-column-is-layout-flow\">\n<figure class=\"wp-block-image aligncenter size-full is-style-rounded\"><img loading=\"lazy\" decoding=\"async\" width=\"402\" height=\"513\" src=\"https:\/\/embangola.pl\/wp-content\/uploads\/2024\/05\/Deolinda-Cavalho.jpg\" alt=\"\" class=\"wp-image-3112\" srcset=\"https:\/\/embangola.pl\/wp-content\/uploads\/2024\/05\/Deolinda-Cavalho.jpg 402w, https:\/\/embangola.pl\/wp-content\/uploads\/2024\/05\/Deolinda-Cavalho-235x300.jpg 235w\" sizes=\"auto, (max-width: 402px) 100vw, 402px\" \/><figcaption class=\"wp-element-caption\"><strong>Deolinda                 Van-D\u00fanem<\/strong> <br><br><br>Adida <br>Financeira<\/figcaption><\/figure>\n<\/div>\n<\/div>\n<\/div>\n\n\n\n<div class=\"wp-block-column is-vertically-aligned-center is-layout-flow wp-block-column-is-layout-flow\">\n<div class=\"wp-block-columns is-layout-flex wp-container-core-columns-is-layout-28f84493 wp-block-columns-is-layout-flex\">\n<div class=\"wp-block-column is-vertically-aligned-stretch is-layout-flow wp-block-column-is-layout-flow\">\n<figure class=\"wp-block-image aligncenter size-full is-style-rounded\"><img loading=\"lazy\" decoding=\"async\" width=\"413\" height=\"531\" src=\"https:\/\/embangola.pl\/wp-content\/uploads\/2024\/10\/DSC_4493.jpg\" alt=\"\" class=\"wp-image-3479\" srcset=\"https:\/\/embangola.pl\/wp-content\/uploads\/2024\/10\/DSC_4493.jpg 413w, https:\/\/embangola.pl\/wp-content\/uploads\/2024\/10\/DSC_4493-233x300.jpg 233w\" sizes=\"auto, (max-width: 413px) 100vw, 413px\" \/><figcaption class=\"wp-element-caption\"><strong>Jos\u00e9 Carlos  Wanuque<\/strong> <br><br>Adido Administrativo<\/figcaption><\/figure>\n<\/div>\n\n\n\n<div class=\"wp-block-column is-vertically-aligned-stretch is-layout-flow wp-block-column-is-layout-flow\">\n<figure class=\"wp-block-image aligncenter size-full is-style-rounded\"><img decoding=\"async\" src=\"https:\/\/embangola.pl\/wp-content\/uploads\/2023\/10\/WhatsApp-Image-2023-10-10-at-15.32.171.jpeg\" alt=\"\" class=\"wp-image-1001\" style=\"aspect-ratio:0.7727272727272727;object-fit:cover\"\/><figcaption class=\"wp-element-caption\"><strong>Lucia Filomena Lima <\/strong><br><br>Secret\u00e1ria<\/figcaption><\/figure>\n<\/div>\n<\/div>\n<\/div>\n<\/div>\n<\/div>\n\n\n\n<p class=\"has-text-align-center has-medium-font-size\"><\/p>\n\n\n\n<p><\/p>\n","protected":false},"excerpt":{"rendered":"","protected":false},"author":1,"featured_media":0,"parent":0,"menu_order":0,"comment_status":"closed","ping_status":"closed","template":"","meta":{"inline_featured_image":false,"footnotes":""},"class_list":["post-2015","page","type-page","status-publish","hentry"],"acf":[],"yoast_head":"<!-- This site is optimized with the Yoast SEO plugin v19.6.1 - https:\/\/yoast.com\/wordpress\/plugins\/seo\/ -->\n<title>Funcion\u00e1rios da Embaixada - Embaixada da Rep\u00fablica de Angola na Pol\u00f3nia, Let\u00f3nia, Est\u00f3nia e Litu\u00e2nia<\/title>\n<meta name=\"robots\" content=\"index, follow, max-snippet:-1, max-image-preview:large, max-video-preview:-1\" \/>\n<link rel=\"canonical\" href=\"https:\/\/embangola.pl\/?page_id=2015\" \/>\n<meta property=\"og:locale\" content=\"pl_PL\" \/>\n<meta property=\"og:type\" content=\"article\" \/>\n<meta property=\"og:title\" content=\"Funcion\u00e1rios da Embaixada - Embaixada da Rep\u00fablica de Angola na Pol\u00f3nia, Let\u00f3nia, Est\u00f3nia e Litu\u00e2nia\" \/>\n<meta property=\"og:url\" content=\"https:\/\/embangola.pl\/?page_id=2015\" \/>\n<meta property=\"og:site_name\" content=\"Embaixada da Rep\u00fablica de Angola na Pol\u00f3nia, Let\u00f3nia, Est\u00f3nia e Litu\u00e2nia\" \/>\n<meta property=\"article:modified_time\" content=\"2026-02-26T09:23:35+00:00\" \/>\n<meta property=\"og:image\" content=\"http:\/\/embangola.pl\/wp-content\/uploads\/2023\/03\/WhatsApp-Image-2023-01-31-at-16.40.42-1.jpeg\" \/>\n<meta name=\"twitter:card\" content=\"summary_large_image\" \/>\n<meta name=\"twitter:label1\" content=\"Szacowany czas czytania\" \/>\n\t<meta name=\"twitter:data1\" content=\"3 minuty\" \/>\n<script type=\"application\/ld+json\" class=\"yoast-schema-graph\">{\"@context\":\"https:\/\/schema.org\",\"@graph\":[{\"@type\":\"WebPage\",\"@id\":\"https:\/\/embangola.pl\/?page_id=2015\",\"url\":\"https:\/\/embangola.pl\/?page_id=2015\",\"name\":\"Funcion\u00e1rios da Embaixada - Embaixada da Rep\u00fablica de Angola na Pol\u00f3nia, Let\u00f3nia, Est\u00f3nia e Litu\u00e2nia\",\"isPartOf\":{\"@id\":\"https:\/\/embangola.pl\/#website\"},\"datePublished\":\"2023-10-12T19:47:14+00:00\",\"dateModified\":\"2026-02-26T09:23:35+00:00\",\"breadcrumb\":{\"@id\":\"https:\/\/embangola.pl\/?page_id=2015#breadcrumb\"},\"inLanguage\":\"pl-PL\",\"potentialAction\":[{\"@type\":\"ReadAction\",\"target\":[\"https:\/\/embangola.pl\/?page_id=2015\"]}]},{\"@type\":\"BreadcrumbList\",\"@id\":\"https:\/\/embangola.pl\/?page_id=2015#breadcrumb\",\"itemListElement\":[{\"@type\":\"ListItem\",\"position\":1,\"name\":\"Strona g\u0142\u00f3wna\",\"item\":\"https:\/\/embangola.pl\/\"},{\"@type\":\"ListItem\",\"position\":2,\"name\":\"Funcion\u00e1rios da Embaixada\"}]},{\"@type\":\"WebSite\",\"@id\":\"https:\/\/embangola.pl\/#website\",\"url\":\"https:\/\/embangola.pl\/\",\"name\":\"Embaixada da Rep\u00fablica de Angola na Pol\u00f3nia, Let\u00f3nia, Est\u00f3nia e Litu\u00e2nia\",\"description\":\"\",\"potentialAction\":[{\"@type\":\"SearchAction\",\"target\":{\"@type\":\"EntryPoint\",\"urlTemplate\":\"https:\/\/embangola.pl\/?s={search_term_string}\"},\"query-input\":\"required name=search_term_string\"}],\"inLanguage\":\"pl-PL\"}]}<\/script>\n<!-- \/ Yoast SEO plugin. -->","yoast_head_json":{"title":"Funcion\u00e1rios da Embaixada - Embaixada da Rep\u00fablica de Angola na Pol\u00f3nia, Let\u00f3nia, Est\u00f3nia e Litu\u00e2nia","robots":{"index":"index","follow":"follow","max-snippet":"max-snippet:-1","max-image-preview":"max-image-preview:large","max-video-preview":"max-video-preview:-1"},"canonical":"https:\/\/embangola.pl\/?page_id=2015","og_locale":"pl_PL","og_type":"article","og_title":"Funcion\u00e1rios da Embaixada - Embaixada da Rep\u00fablica de Angola na Pol\u00f3nia, Let\u00f3nia, Est\u00f3nia e Litu\u00e2nia","og_url":"https:\/\/embangola.pl\/?page_id=2015","og_site_name":"Embaixada da Rep\u00fablica de Angola na Pol\u00f3nia, Let\u00f3nia, Est\u00f3nia e Litu\u00e2nia","article_modified_time":"2026-02-26T09:23:35+00:00","og_image":[{"url":"http:\/\/embangola.pl\/wp-content\/uploads\/2023\/03\/WhatsApp-Image-2023-01-31-at-16.40.42-1.jpeg"}],"twitter_card":"summary_large_image","twitter_misc":{"Szacowany czas czytania":"3 minuty"},"schema":{"@context":"https:\/\/schema.org","@graph":[{"@type":"WebPage","@id":"https:\/\/embangola.pl\/?page_id=2015","url":"https:\/\/embangola.pl\/?page_id=2015","name":"Funcion\u00e1rios da Embaixada - Embaixada da Rep\u00fablica de Angola na Pol\u00f3nia, Let\u00f3nia, Est\u00f3nia e Litu\u00e2nia","isPartOf":{"@id":"https:\/\/embangola.pl\/#website"},"datePublished":"2023-10-12T19:47:14+00:00","dateModified":"2026-02-26T09:23:35+00:00","breadcrumb":{"@id":"https:\/\/embangola.pl\/?page_id=2015#breadcrumb"},"inLanguage":"pl-PL","potentialAction":[{"@type":"ReadAction","target":["https:\/\/embangola.pl\/?page_id=2015"]}]},{"@type":"BreadcrumbList","@id":"https:\/\/embangola.pl\/?page_id=2015#breadcrumb","itemListElement":[{"@type":"ListItem","position":1,"name":"Strona g\u0142\u00f3wna","item":"https:\/\/embangola.pl\/"},{"@type":"ListItem","position":2,"name":"Funcion\u00e1rios da Embaixada"}]},{"@type":"WebSite","@id":"https:\/\/embangola.pl\/#website","url":"https:\/\/embangola.pl\/","name":"Embaixada da Rep\u00fablica de Angola na Pol\u00f3nia, Let\u00f3nia, Est\u00f3nia e Litu\u00e2nia","description":"","potentialAction":[{"@type":"SearchAction","target":{"@type":"EntryPoint","urlTemplate":"https:\/\/embangola.pl\/?s={search_term_string}"},"query-input":"required name=search_term_string"}],"inLanguage":"pl-PL"}]}},"_links":{"self":[{"href":"https:\/\/embangola.pl\/index.php?rest_route=\/wp\/v2\/pages\/2015","targetHints":{"allow":["GET"]}}],"collection":[{"href":"https:\/\/embangola.pl\/index.php?rest_route=\/wp\/v2\/pages"}],"about":[{"href":"https:\/\/embangola.pl\/index.php?rest_route=\/wp\/v2\/types\/page"}],"author":[{"embeddable":true,"href":"https:\/\/embangola.pl\/index.php?rest_route=\/wp\/v2\/users\/1"}],"replies":[{"embeddable":true,"href":"https:\/\/embangola.pl\/index.php?rest_route=%2Fwp%2Fv2%2Fcomments&post=2015"}],"version-history":[{"count":75,"href":"https:\/\/embangola.pl\/index.php?rest_route=\/wp\/v2\/pages\/2015\/revisions"}],"predecessor-version":[{"id":6108,"href":"https:\/\/embangola.pl\/index.php?rest_route=\/wp\/v2\/pages\/2015\/revisions\/6108"}],"wp:attachment":[{"href":"https:\/\/embangola.pl\/index.php?rest_route=%2Fwp%2Fv2%2Fmedia&parent=2015"}],"curies":[{"name":"wp","href":"https:\/\/api.w.org\/{rel}","templated":true}]}}