{"id":12,"date":"2022-09-16T11:37:42","date_gmt":"2022-09-16T09:37:42","guid":{"rendered":"http:\/\/angola.localhost\/?page_id=12"},"modified":"2025-03-26T14:56:45","modified_gmt":"2025-03-26T13:56:45","slug":"contacto","status":"publish","type":"page","link":"https:\/\/embangola.pl\/?page_id=12","title":{"rendered":"Contacto"},"content":{"rendered":"\n<h2 class=\"wp-block-heading has-text-align-center\">Embaixada da Rep\u00fablica de Angola na Pol\u00f3nia<\/h2>\n\n\n\n<p><br><\/p>\n\n\n\n<div style=\"height:64px\" aria-hidden=\"true\" class=\"wp-block-spacer\"><\/div>\n\n\n\n<div class=\"wp-block-columns is-layout-flex wp-container-core-columns-is-layout-28f84493 wp-block-columns-is-layout-flex\">\n<div class=\"wp-block-column is-layout-flow wp-block-column-is-layout-flow\">\n<figure class=\"wp-block-image aligncenter size-full\"><a href=\"https:\/\/embangola.pl\/wp-content\/uploads\/2022\/10\/Grupa-4.png\"><img loading=\"lazy\" decoding=\"async\" width=\"49\" height=\"49\" src=\"https:\/\/embangola.pl\/wp-content\/uploads\/2022\/10\/Grupa-4.png\" alt=\"\" class=\"wp-image-196\"\/><\/a><\/figure>\n\n\n\n<h4 class=\"wp-block-heading has-text-align-center\">Endere\u00e7o<\/h4>\n\n\n\n<p class=\"has-text-align-center\">Rua Urodzajna 12,<br>Caixa Postal: 02-954<\/p>\n<\/div>\n\n\n\n<div class=\"wp-block-column is-layout-flow wp-block-column-is-layout-flow\">\n<figure class=\"wp-block-image aligncenter size-full\"><a href=\"https:\/\/embangola.pl\/wp-content\/uploads\/2022\/10\/Grupa-3.png\"><img loading=\"lazy\" decoding=\"async\" width=\"49\" height=\"50\" src=\"http:\/embangola.pl\/wp-content\/uploads\/2022\/10\/Grupa-3.png\" alt=\"\" class=\"wp-image-197\"\/><\/a><\/figure>\n\n\n\n<h4 class=\"wp-block-heading has-text-align-center\">Hor\u00e1rio de atendimento <\/h4>\n\n\n\n<p class=\"has-text-align-center\">De Segunda \u00e0 Sexta<br>Das 9:00 \u00e0s 15:30<br>Vars\u00f3via-Pol\u00f3nia<\/p>\n<\/div>\n\n\n\n<div class=\"wp-block-column is-layout-flow wp-block-column-is-layout-flow\">\n<figure class=\"wp-block-image aligncenter size-full\"><a href=\"https:\/\/embangola.pl\/wp-content\/uploads\/2022\/10\/Grupa-2.png\"><img loading=\"lazy\" decoding=\"async\" width=\"49\" height=\"49\" src=\"https:\/\/embangola.pl\/wp-content\/uploads\/2022\/10\/Grupa-2.png\" alt=\"\" class=\"wp-image-198\"\/><\/a><\/figure>\n\n\n\n<h4 class=\"wp-block-heading has-text-align-center\">Telefone<\/h4>\n\n\n\n<p class=\"has-text-align-center\">+48 22 844 09 83, <\/p>\n\n\n\n<p class=\"has-text-align-center\">+48 22 844 09 94<\/p>\n<\/div>\n\n\n\n<div class=\"wp-block-column is-layout-flow wp-block-column-is-layout-flow\">\n<figure class=\"wp-block-image aligncenter size-full\"><a href=\"https:\/\/embangola.pl\/wp-content\/uploads\/2022\/10\/Grupa-1.png\"><img loading=\"lazy\" decoding=\"async\" width=\"49\" height=\"49\" src=\"https:\/\/embangola.pl\/wp-content\/uploads\/2022\/10\/Grupa-1.png\" alt=\"\" class=\"wp-image-199\"\/><\/a><\/figure>\n\n\n\n<h4 class=\"wp-block-heading has-text-align-center\">E-mail<\/h4>\n\n\n\n<p class=\"has-text-align-center\">embaixada.polonia@mirex.gov.ao<\/p>\n\n\n\n<p class=\"has-text-align-center\">\u00a0<em>  <\/em>     recepcjaambang@gmail.com<\/p>\n<\/div>\n<\/div>\n\n\n\n<div style=\"height:64px\" aria-hidden=\"true\" class=\"wp-block-spacer\"><\/div>\n\n\n\n<div class=\"wp-block-columns is-layout-flex wp-container-core-columns-is-layout-28f84493 wp-block-columns-is-layout-flex\">\n<div class=\"wp-block-column is-layout-flow wp-block-column-is-layout-flow\">\n<div class=\"wp-block-contact-form-7-contact-form-selector\"><div role=\"form\" class=\"wpcf7\" id=\"wpcf7-f190-o1\" lang=\"pl-PL\" dir=\"ltr\">\n<div class=\"screen-reader-response\"><p role=\"status\" aria-live=\"polite\" aria-atomic=\"true\"><\/p> <ul><\/ul><\/div>\n<form action=\"\/index.php?rest_route=%2Fwp%2Fv2%2Fpages%2F12#wpcf7-f190-o1\" method=\"post\" class=\"wpcf7-form init\" novalidate=\"novalidate\" data-status=\"init\">\n<div style=\"display: none;\">\n<input type=\"hidden\" name=\"_wpcf7\" value=\"190\" \/>\n<input type=\"hidden\" name=\"_wpcf7_version\" value=\"5.6.3\" \/>\n<input type=\"hidden\" name=\"_wpcf7_locale\" value=\"pl_PL\" \/>\n<input type=\"hidden\" name=\"_wpcf7_unit_tag\" value=\"wpcf7-f190-o1\" \/>\n<input type=\"hidden\" name=\"_wpcf7_container_post\" value=\"0\" \/>\n<input type=\"hidden\" name=\"_wpcf7_posted_data_hash\" value=\"\" \/>\n<\/div>\n<div class=\"row\">\n\n<div class=\"col-12 col-md-6\">\n<label> Nome e sobrenome\n    <span class=\"wpcf7-form-control-wrap\" data-name=\"your-name\"><input type=\"text\" name=\"your-name\" value=\"\" size=\"40\" class=\"wpcf7-form-control wpcf7-text wpcf7-validates-as-required\" aria-required=\"true\" aria-invalid=\"false\" \/><\/span> <\/label>\n<\/div>\n\n<div class=\"col-12 col-md-6\">\n<label> Coloque o seu e-mail\n    <span class=\"wpcf7-form-control-wrap\" data-name=\"your-email\"><input type=\"email\" name=\"your-email\" value=\"\" size=\"40\" class=\"wpcf7-form-control wpcf7-text wpcf7-email wpcf7-validates-as-required wpcf7-validates-as-email\" aria-required=\"true\" aria-invalid=\"false\" \/><\/span> <\/label>\n<\/div>\n\n<div class=\"col-12\">\n<label> Assunto\n    <span class=\"wpcf7-form-control-wrap\" data-name=\"your-subject\"><input type=\"text\" name=\"your-subject\" value=\"\" size=\"40\" class=\"wpcf7-form-control wpcf7-text wpcf7-validates-as-required\" aria-required=\"true\" aria-invalid=\"false\" \/><\/span> <\/label>\n<\/div>\n\n\n<div class=\"col-12\">\n\n<label> Coloque a sua mensagem\n    <span class=\"wpcf7-form-control-wrap\" data-name=\"your-message\"><textarea name=\"your-message\" cols=\"40\" rows=\"10\" class=\"wpcf7-form-control wpcf7-textarea\" aria-invalid=\"false\"><\/textarea><\/span> <\/label>\n<\/div>\n\n<div class=\"col-12\">\n<span class=\"wpcf7-form-control-wrap\" data-name=\"acceptance-155\"><span class=\"wpcf7-form-control wpcf7-acceptance\"><span class=\"wpcf7-list-item\"><label><input type=\"checkbox\" name=\"acceptance-155\" value=\"1\" aria-invalid=\"false\" \/><span class=\"wpcf7-list-item-label\">Autorizo \u200b\u200ba utiliza\u00e7\u00e3o dos meus dados pessoais fornecidos no formul\u00e1rio acima para efeitos de contacto.<\/span><\/label><\/span><\/span><\/span>\n<\/div>\n\n<div class=\"col-12 d-flex justify-content-center\"><input type=\"submit\" value=\"Enviar\" class=\"wpcf7-form-control has-spinner wpcf7-submit\" \/><\/div>\n\n<\/div><div class=\"wpcf7-response-output\" aria-hidden=\"true\"><\/div><\/form><\/div><\/div>\n<\/div>\n\n\n\n<div class=\"wp-block-column is-layout-flow wp-block-column-is-layout-flow\">\n<div class=\"rota\"><div class=\"mp\"><iframe loading=\"lazy\" width=\"100%\" height=\"550\" frameborder=\"0\"  marginheight=\"0\" marginwidth=\"0\" scrolling=\"no\"  id=\"mp\" src=\"https:\/\/maps.google.com\/maps?q=ambasadn%20angoli%20w%20polsce&#038;t=&#038;z=13&#038;ie=UTF8&#038;iwloc=&#038;output=embed\" frameborder=\"0\" scrolling=\"no\" marginheight=\"0\" marginwidth=\"0\"><\/iframe><\/div><\/div>\n<\/div>\n<\/div>\n\n\n\n<div style=\"height:100px\" aria-hidden=\"true\" class=\"wp-block-spacer\"><\/div>\n","protected":false},"excerpt":{"rendered":"<p>Embaixada da Rep\u00fablica de Angola na Pol\u00f3nia Endere\u00e7o Rua Urodzajna 12,Caixa Postal: 02-954 Hor\u00e1rio de atendimento De Segunda \u00e0 SextaDas 9:00 \u00e0s 15:30Vars\u00f3via-Pol\u00f3nia Telefone +48 22 844 09 83, +48 22 844 09 94 E-mail embaixada.polonia@mirex.gov.ao \u00a0 recepcjaambang@gmail.com<\/p>\n","protected":false},"author":1,"featured_media":0,"parent":0,"menu_order":0,"comment_status":"closed","ping_status":"closed","template":"","meta":{"inline_featured_image":false,"footnotes":""},"class_list":["post-12","page","type-page","status-publish","hentry"],"acf":[],"yoast_head":"<!-- This site is optimized with the Yoast SEO plugin v19.6.1 - https:\/\/yoast.com\/wordpress\/plugins\/seo\/ -->\n<title>Contacto - Embaixada da Rep\u00fablica de Angola na Pol\u00f3nia, Let\u00f3nia, Est\u00f3nia e Litu\u00e2nia<\/title>\n<meta name=\"robots\" content=\"index, follow, max-snippet:-1, max-image-preview:large, max-video-preview:-1\" \/>\n<link rel=\"canonical\" href=\"https:\/\/embangola.pl\/?page_id=12\" \/>\n<meta property=\"og:locale\" content=\"pl_PL\" \/>\n<meta property=\"og:type\" content=\"article\" \/>\n<meta property=\"og:title\" content=\"Contacto - Embaixada da Rep\u00fablica de Angola na Pol\u00f3nia, Let\u00f3nia, Est\u00f3nia e Litu\u00e2nia\" \/>\n<meta property=\"og:description\" content=\"Embaixada da Rep\u00fablica de Angola na Pol\u00f3nia Endere\u00e7o Rua Urodzajna 12,Caixa Postal: 02-954 Hor\u00e1rio de atendimento De Segunda \u00e0 SextaDas 9:00 \u00e0s 15:30Vars\u00f3via-Pol\u00f3nia Telefone +48 22 844 09 83, +48 22 844 09 94 E-mail embaixada.polonia@mirex.gov.ao \u00a0 recepcjaambang@gmail.com\" \/>\n<meta property=\"og:url\" content=\"https:\/\/embangola.pl\/?page_id=12\" \/>\n<meta property=\"og:site_name\" content=\"Embaixada da Rep\u00fablica de Angola na Pol\u00f3nia, Let\u00f3nia, Est\u00f3nia e Litu\u00e2nia\" \/>\n<meta property=\"article:modified_time\" content=\"2025-03-26T13:56:45+00:00\" \/>\n<meta property=\"og:image\" content=\"http:\/\/embangola.pl\/wp-content\/uploads\/2022\/10\/Grupa-4.png\" \/>\n<meta name=\"twitter:card\" content=\"summary_large_image\" \/>\n<meta name=\"twitter:label1\" content=\"Szacowany czas czytania\" \/>\n\t<meta name=\"twitter:data1\" content=\"2 minuty\" \/>\n<script type=\"application\/ld+json\" class=\"yoast-schema-graph\">{\"@context\":\"https:\/\/schema.org\",\"@graph\":[{\"@type\":\"WebPage\",\"@id\":\"https:\/\/embangola.pl\/?page_id=12\",\"url\":\"https:\/\/embangola.pl\/?page_id=12\",\"name\":\"Contacto - Embaixada da Rep\u00fablica de Angola na Pol\u00f3nia, Let\u00f3nia, Est\u00f3nia e Litu\u00e2nia\",\"isPartOf\":{\"@id\":\"https:\/\/embangola.pl\/#website\"},\"datePublished\":\"2022-09-16T09:37:42+00:00\",\"dateModified\":\"2025-03-26T13:56:45+00:00\",\"breadcrumb\":{\"@id\":\"https:\/\/embangola.pl\/?page_id=12#breadcrumb\"},\"inLanguage\":\"pl-PL\",\"potentialAction\":[{\"@type\":\"ReadAction\",\"target\":[\"https:\/\/embangola.pl\/?page_id=12\"]}]},{\"@type\":\"BreadcrumbList\",\"@id\":\"https:\/\/embangola.pl\/?page_id=12#breadcrumb\",\"itemListElement\":[{\"@type\":\"ListItem\",\"position\":1,\"name\":\"Strona g\u0142\u00f3wna\",\"item\":\"https:\/\/embangola.pl\/\"},{\"@type\":\"ListItem\",\"position\":2,\"name\":\"Contacto\"}]},{\"@type\":\"WebSite\",\"@id\":\"https:\/\/embangola.pl\/#website\",\"url\":\"https:\/\/embangola.pl\/\",\"name\":\"Embaixada da Rep\u00fablica de Angola na Pol\u00f3nia, Let\u00f3nia, Est\u00f3nia e Litu\u00e2nia\",\"description\":\"\",\"potentialAction\":[{\"@type\":\"SearchAction\",\"target\":{\"@type\":\"EntryPoint\",\"urlTemplate\":\"https:\/\/embangola.pl\/?s={search_term_string}\"},\"query-input\":\"required name=search_term_string\"}],\"inLanguage\":\"pl-PL\"}]}<\/script>\n<!-- \/ Yoast SEO plugin. -->","yoast_head_json":{"title":"Contacto - Embaixada da Rep\u00fablica de Angola na Pol\u00f3nia, Let\u00f3nia, Est\u00f3nia e Litu\u00e2nia","robots":{"index":"index","follow":"follow","max-snippet":"max-snippet:-1","max-image-preview":"max-image-preview:large","max-video-preview":"max-video-preview:-1"},"canonical":"https:\/\/embangola.pl\/?page_id=12","og_locale":"pl_PL","og_type":"article","og_title":"Contacto - Embaixada da Rep\u00fablica de Angola na Pol\u00f3nia, Let\u00f3nia, Est\u00f3nia e Litu\u00e2nia","og_description":"Embaixada da Rep\u00fablica de Angola na Pol\u00f3nia Endere\u00e7o Rua Urodzajna 12,Caixa Postal: 02-954 Hor\u00e1rio de atendimento De Segunda \u00e0 SextaDas 9:00 \u00e0s 15:30Vars\u00f3via-Pol\u00f3nia Telefone +48 22 844 09 83, +48 22 844 09 94 E-mail embaixada.polonia@mirex.gov.ao \u00a0 recepcjaambang@gmail.com","og_url":"https:\/\/embangola.pl\/?page_id=12","og_site_name":"Embaixada da Rep\u00fablica de Angola na Pol\u00f3nia, Let\u00f3nia, Est\u00f3nia e Litu\u00e2nia","article_modified_time":"2025-03-26T13:56:45+00:00","og_image":[{"url":"http:\/\/embangola.pl\/wp-content\/uploads\/2022\/10\/Grupa-4.png"}],"twitter_card":"summary_large_image","twitter_misc":{"Szacowany czas czytania":"2 minuty"},"schema":{"@context":"https:\/\/schema.org","@graph":[{"@type":"WebPage","@id":"https:\/\/embangola.pl\/?page_id=12","url":"https:\/\/embangola.pl\/?page_id=12","name":"Contacto - Embaixada da Rep\u00fablica de Angola na Pol\u00f3nia, Let\u00f3nia, Est\u00f3nia e Litu\u00e2nia","isPartOf":{"@id":"https:\/\/embangola.pl\/#website"},"datePublished":"2022-09-16T09:37:42+00:00","dateModified":"2025-03-26T13:56:45+00:00","breadcrumb":{"@id":"https:\/\/embangola.pl\/?page_id=12#breadcrumb"},"inLanguage":"pl-PL","potentialAction":[{"@type":"ReadAction","target":["https:\/\/embangola.pl\/?page_id=12"]}]},{"@type":"BreadcrumbList","@id":"https:\/\/embangola.pl\/?page_id=12#breadcrumb","itemListElement":[{"@type":"ListItem","position":1,"name":"Strona g\u0142\u00f3wna","item":"https:\/\/embangola.pl\/"},{"@type":"ListItem","position":2,"name":"Contacto"}]},{"@type":"WebSite","@id":"https:\/\/embangola.pl\/#website","url":"https:\/\/embangola.pl\/","name":"Embaixada da Rep\u00fablica de Angola na Pol\u00f3nia, Let\u00f3nia, Est\u00f3nia e Litu\u00e2nia","description":"","potentialAction":[{"@type":"SearchAction","target":{"@type":"EntryPoint","urlTemplate":"https:\/\/embangola.pl\/?s={search_term_string}"},"query-input":"required name=search_term_string"}],"inLanguage":"pl-PL"}]}},"_links":{"self":[{"href":"https:\/\/embangola.pl\/index.php?rest_route=\/wp\/v2\/pages\/12","targetHints":{"allow":["GET"]}}],"collection":[{"href":"https:\/\/embangola.pl\/index.php?rest_route=\/wp\/v2\/pages"}],"about":[{"href":"https:\/\/embangola.pl\/index.php?rest_route=\/wp\/v2\/types\/page"}],"author":[{"embeddable":true,"href":"https:\/\/embangola.pl\/index.php?rest_route=\/wp\/v2\/users\/1"}],"replies":[{"embeddable":true,"href":"https:\/\/embangola.pl\/index.php?rest_route=%2Fwp%2Fv2%2Fcomments&post=12"}],"version-history":[{"count":24,"href":"https:\/\/embangola.pl\/index.php?rest_route=\/wp\/v2\/pages\/12\/revisions"}],"predecessor-version":[{"id":4406,"href":"https:\/\/embangola.pl\/index.php?rest_route=\/wp\/v2\/pages\/12\/revisions\/4406"}],"wp:attachment":[{"href":"https:\/\/embangola.pl\/index.php?rest_route=%2Fwp%2Fv2%2Fmedia&parent=12"}],"curies":[{"name":"wp","href":"https:\/\/api.w.org\/{rel}","templated":true}]}}